{"id":1910,"date":"2013-10-05T13:03:14","date_gmt":"2013-10-05T11:03:14","guid":{"rendered":"http:\/\/www.eugenedemazenod.net\/fra\/?page_id=1910"},"modified":"2013-10-05T13:09:44","modified_gmt":"2013-10-05T11:09:44","slug":"oblate-communications","status":"publish","type":"page","link":"http:\/\/www.eugenedemazenod.net\/fra\/?page_id=1910","title":{"rendered":"Oblate Communications"},"content":{"rendered":"<p><img decoding=\"async\" alt=\"Home Page\" src=\"http:\/\/www.omiworld.org\/images\/head2.png\" \/><\/p>\n<p>Bienvenus sur le\u00a0site officiel\u00a0de l&rsquo;Administration g\u00e9n\u00e9rale des Missionnaires Oblats de Marie Immacul\u00e9e!<br \/>\nNous sommes une communaut\u00e9 religieuse, appartenant \u00e0 l&rsquo;Eglise catholique, regroupant des pr\u00eatres et des fr\u00e8res consacr\u00e9s<\/p>\n<ul>\n<li>au rayonnement de l&rsquo;amour de Dieu dans le monde entier<\/li>\n<li>\u00e0 travers la vie en communaut\u00e9<\/li>\n<li>au service des pauvres<\/li>\n<li>en collaboration avec les hommes et les femmes de toute croyance.<\/li>\n<\/ul>\n<h1><a href=\"http:\/\/www.omiworld.org\/default.asp?L=2\" target=\"_blank\">http:\/\/www.omiworld.org\/default.asp?L=2<\/a><\/h1>\n","protected":false},"excerpt":{"rendered":"<p>Bienvenus sur le\u00a0site officiel\u00a0de l&rsquo;Administration g\u00e9n\u00e9rale des Missionnaires Oblats de Marie Immacul\u00e9e! Nous sommes une communaut\u00e9 religieuse, appartenant \u00e0 l&rsquo;Eglise catholique, regroupant des pr\u00eatres et des fr\u00e8res consacr\u00e9s au rayonnement de l&rsquo;amour de Dieu dans le monde entier \u00e0 travers &hellip; <a href=\"http:\/\/www.eugenedemazenod.net\/fra\/?page_id=1910\">Continuer la lecture <span class=\"meta-nav\">&rarr;<\/span><\/a><\/p>\n","protected":false},"author":1,"featured_media":0,"parent":0,"menu_order":0,"comment_status":"open","ping_status":"open","template":"","meta":{"_mi_skip_tracking":false,"footnotes":""},"class_list":["post-1910","page","type-page","status-publish","hentry"],"_links":{"self":[{"href":"http:\/\/www.eugenedemazenod.net\/fra\/index.php?rest_route=\/wp\/v2\/pages\/1910","targetHints":{"allow":["GET"]}}],"collection":[{"href":"http:\/\/www.eugenedemazenod.net\/fra\/index.php?rest_route=\/wp\/v2\/pages"}],"about":[{"href":"http:\/\/www.eugenedemazenod.net\/fra\/index.php?rest_route=\/wp\/v2\/types\/page"}],"author":[{"embeddable":true,"href":"http:\/\/www.eugenedemazenod.net\/fra\/index.php?rest_route=\/wp\/v2\/users\/1"}],"replies":[{"embeddable":true,"href":"http:\/\/www.eugenedemazenod.net\/fra\/index.php?rest_route=%2Fwp%2Fv2%2Fcomments&post=1910"}],"version-history":[{"count":0,"href":"http:\/\/www.eugenedemazenod.net\/fra\/index.php?rest_route=\/wp\/v2\/pages\/1910\/revisions"}],"wp:attachment":[{"href":"http:\/\/www.eugenedemazenod.net\/fra\/index.php?rest_route=%2Fwp%2Fv2%2Fmedia&parent=1910"}],"curies":[{"name":"wp","href":"https:\/\/api.w.org\/{rel}","templated":true}]}}